{"id":1134,"date":"2020-10-15T02:06:14","date_gmt":"2020-10-15T02:06:14","guid":{"rendered":"http:\/\/biennalezielonagora.pl\/2020\/?page_id=1134"},"modified":"2020-10-15T02:10:29","modified_gmt":"2020-10-15T02:10:29","slug":"here-and-there-a-short-essay-on-glocality","status":"publish","type":"page","link":"https:\/\/biennalezielonagora.pl\/2020\/en\/here-and-there-a-short-essay-on-glocality\/","title":{"rendered":"Here and There: A Short Essay on Glocality"},"content":{"rendered":"\n<p class=\"artist-grey\">Here and There: A Short Essay on Glocality<\/p>\n\n\n\n<p>A mid-sized city, which grew rapidly in the 1950s and 1960s due to the political circumstances of post-war Poland, needed more than just offices and institutions. Zielona G\u00f3ra became the space of an experiment that has continued to this day, an experiment which consists in testing the visual arts as a means of developing local identity in a globalized world.<\/p>\n\n\n\n<p>And yet there were neither hundreds of artists nor crowds of spectators here. It was rather the charisma of several individuals-particularly Marian Szpakowski, later also Zenon Polus-that resulted in unprecedented situations, appearing at first sight as emanations of the causal power of contemporary art. Of course, without close collaboration between artists and the local government nothing like that would have happened.<\/p>\n\n\n\n<p>Those issues are discussed by Konrad Schiller<sup>1<\/sup> and related by the artists and organizers involved,<sup>2<\/sup> although we are still waiting for further studies of those times and events, based, for example, on Arjun Appadurai\u2019s construct of the ethnoscape, according to which the \u201cwarp of [stable communities and networks] is everywhere shot through with the weft of human motion, as more persons and groups deal with the realities of having to move or the fantasies of wanting to move.\u201d As it turned out, a sense of distance is indispensable. I remember that when, as a fledgling BWA staffer, I was invited to co-organize the 1st New Art Biennale, the mere three years that had passed since the last edition of the Golden Grape felt like an era; it included the breeze of freedom during the first Solidarity, martial law, and the stagnation that followed, invigorated by the independent exhibition movement. It also saw the closure of the BWA gallery and the death of Marian Szpakowski (September 1983). The intensity of the time meant that the Golden Grape seemed like a distant past, and the New Art Biennale like a wholly new chapter. Only later did I realize that Jerzy Ludwi\u0144ski, whom we had invited to co-curate the Biennale, had also been involved in the production of the Golden Grape. Dissociating myself from the history of that event, I did not know this one was still its consequence. It is evident from today\u2019s perspective, when twenty four years have passed since the last Biennale.<\/p>\n\n\n\n<p>We are returning to the idea of a large survey exhibition in completely different circumstances-socially, historically, culturally. During a pandemic, not really knowing what is up next for the world. At the same time, everything again happens in a city that gained its present shape at the turn of the nineteenth and twentieth centuries, though the original hosts of this space have been replaced by quite somebody else. Respect for the past, even in its material manifestations, should not obscure the achievements of the last seventy five years and the fact that the Golden Grape and the New Art Biennale led eventually to the founding of the University of Zielona G\u00f3ra\u2019s Institute of Visual Arts, which has been educating new generations of artists. It was on the initiative of the Institute\u2019s present director, Prof. Paulina Komorowska- Birger, that we commenced work on the new biennale.<\/p>\n\n\n\n<p>About a hundred events called a \u201cbiennale\u201d take place every year around the world, but I believe that what we do here makes profound sense in many aspects. The globalized idea of a formatted survey of recent art should be predicated on a new notion of the meaning of locality; the Biennale is, after all, the result of collaboration between the University of Zielona G\u00f3ra, the City Hall, the Museum of the Lubusz Region, the Salony Foundation, and the BWA gallery. This suggests what cultural space can be for local activities &#8211; a \u201chere,\u201d situated in the context of broadly defined globalization, a \u201cthere.\u201d A glocality so construed should become a platform for new values, conveying a new meaning of cultural work in a \u201cperipheral\u201d city, if there still exists any \u201ccentre\u201d at all.<\/p>\n\n\n\n<p>\u2014 Wojciech Koz\u0142owski<br><\/p>\n\n\n\n<p><sup>1&nbsp; Konrad Schiller, Awangarda na Dzikim Zachodzie. O wystawach i sympozjach Z\u0142ote Grono w Zielonej G\u00f3rze (Warszawa \u2013 Zielona G\u00f3ra: Stowarzyszenie 40&nbsp;000 Malarzy, 2015).<\/sup><\/p>\n\n\n\n<p><sup>2&nbsp; Piotr S\u0142odkowski, ed., Przestrze\u0144 spo\u0142eczna. Historie m\u00f3wione Z\u0142otego Grona i Biennale Sztuki Nowej (Zielona G\u00f3ra: Fundacja Salony, 2014).<\/sup><\/p>\n","protected":false},"excerpt":{"rendered":"Here and There: A Short Essay on Glocality A mid-sized city, which grew rapidly in the 1950s and 1960s due to the political circumstances of post-war Poland, needed more than just offices and institutions. Zielona G\u00f3ra became the space of an experiment that has continued to this day, an experiment which consists in testing the&#8230; <a class=\"view-article\" href=\"https:\/\/biennalezielonagora.pl\/2020\/en\/here-and-there-a-short-essay-on-glocality\/\">View Article<\/a>","protected":false},"author":1,"featured_media":0,"parent":0,"menu_order":0,"comment_status":"closed","ping_status":"closed","template":"page-artist.php","meta":[],"_links":{"self":[{"href":"https:\/\/biennalezielonagora.pl\/2020\/wp-json\/wp\/v2\/pages\/1134"}],"collection":[{"href":"https:\/\/biennalezielonagora.pl\/2020\/wp-json\/wp\/v2\/pages"}],"about":[{"href":"https:\/\/biennalezielonagora.pl\/2020\/wp-json\/wp\/v2\/types\/page"}],"author":[{"embeddable":true,"href":"https:\/\/biennalezielonagora.pl\/2020\/wp-json\/wp\/v2\/users\/1"}],"replies":[{"embeddable":true,"href":"https:\/\/biennalezielonagora.pl\/2020\/wp-json\/wp\/v2\/comments?post=1134"}],"version-history":[{"count":3,"href":"https:\/\/biennalezielonagora.pl\/2020\/wp-json\/wp\/v2\/pages\/1134\/revisions"}],"predecessor-version":[{"id":1140,"href":"https:\/\/biennalezielonagora.pl\/2020\/wp-json\/wp\/v2\/pages\/1134\/revisions\/1140"}],"wp:attachment":[{"href":"https:\/\/biennalezielonagora.pl\/2020\/wp-json\/wp\/v2\/media?parent=1134"}],"curies":[{"name":"wp","href":"https:\/\/api.w.org\/{rel}","templated":true}]}}