{"id":1492,"date":"2020-11-09T13:17:48","date_gmt":"2020-11-09T13:17:48","guid":{"rendered":"http:\/\/biennalezielonagora.pl\/2020\/?page_id=1492"},"modified":"2021-01-18T11:24:04","modified_gmt":"2021-01-18T11:24:04","slug":"czerwona-strefa","status":"publish","type":"page","link":"https:\/\/biennalezielonagora.pl\/2020\/czerwona-strefa\/","title":{"rendered":"Czerwona Strefa"},"content":{"rendered":"\n<p class=\"has-small-font-size\">Czerwona Strefa to kontynuacja 2020 Biennale Zielona G\u00f3ra Online. Program obejmuje seri\u0119 tekst\u00f3w, rozm\u00f3w, wydarze\u0144 oraz materia\u0142\u00f3w specjalnych publikowanych na stronie do ko\u0144ca roku. <\/p>\n\n\n\n<figure class=\"wp-block-image size-large\"><img loading=\"lazy\" width=\"700\" height=\"685\" src=\"http:\/\/biennalezielonagora.pl\/2020\/wp-content\/uploads\/2020\/10\/Tadeusz-Brzozowski-Troki-1970-olej-plotno-700x685.jpg\" alt=\"\" class=\"wp-image-1451\" srcset=\"https:\/\/biennalezielonagora.pl\/2020\/wp-content\/uploads\/2020\/10\/Tadeusz-Brzozowski-Troki-1970-olej-plotno-700x685.jpg 700w, https:\/\/biennalezielonagora.pl\/2020\/wp-content\/uploads\/2020\/10\/Tadeusz-Brzozowski-Troki-1970-olej-plotno-250x245.jpg 250w, https:\/\/biennalezielonagora.pl\/2020\/wp-content\/uploads\/2020\/10\/Tadeusz-Brzozowski-Troki-1970-olej-plotno-768x752.jpg 768w, https:\/\/biennalezielonagora.pl\/2020\/wp-content\/uploads\/2020\/10\/Tadeusz-Brzozowski-Troki-1970-olej-plotno-1536x1504.jpg 1536w, https:\/\/biennalezielonagora.pl\/2020\/wp-content\/uploads\/2020\/10\/Tadeusz-Brzozowski-Troki-1970-olej-plotno-2048x2005.jpg 2048w, https:\/\/biennalezielonagora.pl\/2020\/wp-content\/uploads\/2020\/10\/Tadeusz-Brzozowski-Troki-1970-olej-plotno-120x118.jpg 120w\" sizes=\"(max-width: 700px) 100vw, 700px\" \/><\/figure>\n\n\n\n<p style=\"font-size:12px\">Tadeusz Brzozowski, Troki, 1970, olej, p\u0142\u00f3tno, kolekcja Muzeum Ziemi Lubuskiej<\/p>\n\n\n\n<div class=\"wp-block-pb-accordion-item c-accordion__item js-accordion-item no-js\" data-initially-open=\"false\" data-click-to-close=\"true\" data-auto-close=\"true\" data-scroll=\"false\" data-scroll-offset=\"0\"><h2 id=\"at-53390\" class=\"c-accordion__title js-accordion-controller\" role=\"button\">Post Brothers<br\/>Pomruk Mot\u0142ochu <br\/>esej<\/h2><div id=\"ac-53390\" class=\"c-accordion__content\">\n<p>Opowiadanie Zygmunta Krzy\u017canowskiego z 1939 roku pt.: \u201e\u017b\u00f3\u0142ty w\u0119giel\u201d przedstawia odkrycie nowego globalnego \u017ar\u00f3d\u0142a energii, kt\u00f3re jest znacznie obfitsze i ta\u0144sze ni\u017c jakiekolwiek inne. \u0179r\u00f3d\u0142em tym s\u0105 ludzka zawi\u015b\u0107, z\u0142o, nienawi\u015b\u0107, agresja i cierpienie. Koncentrat niematerialnych pozosta\u0142o\u015bci powy\u017cszych ludzkich do\u015bwiadcze\u0144 jest \u017ar\u00f3d\u0142em nieograniczonej mocy. Aby t\u0119 energi\u0119 odpowiednio wykorzysta\u0107, spo\u0142ecze\u0144stwo reorganizuje przestrze\u0144 prywatn\u0105 i publiczn\u0105 oraz interakcje spo\u0142eczne w celu pobudzania i wzmagania negatywnych uczu\u0107. Te strumienie animozji i gniewu s\u0105 kanalizowane lokalnie i globalnie przez specjalne \u201epoch\u0142aniacze zawi\u015bci\u201d. \u0141\u0105cz\u0105c ekonomi\u0119 cia\u0142a i ekonomi\u0119 ekologii, Krzy\u017canowski sugeruje zwi\u0105zek pomi\u0119dzy sfer\u0105 spo\u0142eczn\u0105, psychiczn\u0105 i ekologiczn\u0105, na przeci\u0119ciu kt\u00f3rych nastroje i relacje pomi\u0119dzy podmiotami staj\u0105 si\u0119 \u017ar\u00f3d\u0142em pot\u0119\u017cnej energii.\u00a0<br><br><a href=\"http:\/\/biennalezielonagora.pl\/2020\/pomruk-motlochu\/?preview_id=2101&amp;preview_nonce=d0ca10b713&amp;preview=true\">WI\u0118CEJ <\/a><\/p>\n<\/div><\/div>\n\n\n\n<div class=\"wp-block-pb-accordion-item c-accordion__item js-accordion-item no-js\" data-initially-open=\"false\" data-click-to-close=\"true\" data-auto-close=\"true\" data-scroll=\"false\" data-scroll-offset=\"0\"><h2 id=\"at-45434\" class=\"c-accordion__title js-accordion-controller\" role=\"button\">Wracaj\u0105c do&#8230;<br\/>Utopie <br\/>Dyskusja z udzia\u0142em Doireann O&#8217;Malley i Iny Valentinovej, moderacja: Agata Pyzik. Pi\u0105tek, 20 listopada, godz. 16:00 IG live @biennalezielonagora<\/h2><div id=\"ac-45434\" class=\"c-accordion__content\"><\/div><\/div>\n\n\n\n<div class=\"wp-block-pb-accordion-item c-accordion__item js-accordion-item no-js\" data-initially-open=\"false\" data-click-to-close=\"true\" data-auto-close=\"true\" data-scroll=\"false\" data-scroll-offset=\"0\"><h2 id=\"at-36960\" class=\"c-accordion__title js-accordion-controller\" role=\"button\">Dorota Jagoda Michalska <br\/>Vertigo. Dekolonialne Biennale na skraju Europy Zachodniej <br\/>Esej proponujacy dekolonialne spojrzenie na historie Sympozjum Zlotego Grona\u00a0\u00a0<\/h2><div id=\"ac-36960\" class=\"c-accordion__content\">\n<p class=\"has-small-font-size\">Linia rzeki \u0141aby to jedna z kluczowych granic geograficznych oraz politycznych kontynentu europejskiego. To w\u0142a\u015bnie wzd\u0142u\u017c tej rzeki Germanie zatrzymali ekspansj\u0119 Cesarstwa Rzymskiego na wsch\u00f3d. Brytyjski historyk Perry Anderson stawia tez\u0119, \u017ce fakt ten przes\u0105dzi\u0142 o odmiennym charakterze rozwoju ziem po\u0142o\u017conych po wschodniej stronie rzeki. Rzymskie legiony zosta\u0142y rozgromione w bitwie w Lesie Teutoburskim i zmuszone do wycofania si\u0119. Na mapie \u00f3wczesnego zachodniego \u015bwiata ziemia po drugiej stronie \u0141aby pozosta\u0142a bia\u0142\u0105 plam\u0105: obszarem obcym i nieznanym, obiektem fantazji i kolonialnych projekt\u00f3w ekspansji na wsch\u00f3d.&nbsp;&nbsp;<\/p>\n\n\n\n<p class=\"has-black-color has-text-color\"><a rel=\"noreferrer noopener\" href=\"http:\/\/biennalezielonagora.pl\/2020\/vertigo-dekolonialne-biennale-na-skraju-europy-zachodniej\/\" target=\"_blank\">WI\u0118CEJ<\/a><\/p>\n\n\n\n<hr class=\"wp-block-separator\"\/>\n<\/div><\/div>\n\n\n\n<div class=\"wp-block-group\"><div class=\"wp-block-group__inner-container\"><\/div><\/div>\n\n\n\n<div class=\"wp-block-group\"><div class=\"wp-block-group__inner-container\">\n<div class=\"wp-block-group\"><div class=\"wp-block-group__inner-container\">\n<div class=\"wp-block-pb-accordion-item c-accordion__item js-accordion-item no-js\" data-initially-open=\"false\" data-click-to-close=\"true\" data-auto-close=\"true\" data-scroll=\"false\" data-scroll-offset=\"0\"><h2 id=\"at-71692\" class=\"c-accordion__title js-accordion-controller\" role=\"button\">Ewa Zarzycka  <br\/>Artysta Ratuje \u015awiat<br\/>teleperformans podczas otwarcia wystawy <em>Naprawa Duszy, Naprawa Cia\u0142a <\/em><\/h2><div id=\"ac-71692\" class=\"c-accordion__content\">\n<p class=\"has-small-font-size\"><br><br><em>\u201e\u2026. to rodzaj historii opowiadanej. Historii, w kt\u00f3rej \u2013 ca\u0142e szcz\u0119\u015bcie \u2013 nie musz\u0119 si\u0119 wypowiada\u0107 jako nachalne \u201eja\u201d, ani nawet jako tzw. indywiduum artystyczne. W performance tym prezentuj\u0119 m\u00f3j prywatny kosmos. Kosmos, w kt\u00f3rym wypowiadaj\u0105 si\u0119 bohaterowie tej historii, tego kosmosu.<br>Te figury, to s\u0142ynna posta\u0107 mego m\u0119\u017ca \u2013 profesora Nauk o Ziemi, mityczna posta\u0107 \u015bwiat\u0142ego listonosza, charyzmatyczna s\u0105siadka pisz\u0105ca dramaty, kochaj\u0105ca sztuk\u0119 dozorczyni, s\u0105siad filozof czy wielka humanistka pani kioskarka. A ja w tym wszystkim tym razem jestem jedn\u0105 z tych figur, postaci. Zagubion\u0105 artystk\u0105, kt\u00f3ra pragnie uratowa\u0107 \u015bwiat.<\/em>&#8220;<\/p>\n\n\n\n<figure class=\"wp-block-embed-vimeo wp-block-embed is-type-video is-provider-vimeo wp-embed-aspect-9-16 wp-has-aspect-ratio\"><div class=\"wp-block-embed__wrapper\">\n<iframe title=\"Ewa Zarzycka - Artysta ratuje \u015bwiat\" src=\"https:\/\/player.vimeo.com\/video\/477585355?dnt=1&amp;app_id=122963\" width=\"900\" height=\"913\" frameborder=\"0\" allow=\"autoplay; fullscreen; picture-in-picture\" allowfullscreen><\/iframe>\n<\/div><\/figure>\n<\/div><\/div>\n\n\n\n<div class=\"wp-block-group\"><div class=\"wp-block-group__inner-container\">\n<div class=\"wp-block-group\"><div class=\"wp-block-group__inner-container\"><\/div><\/div>\n<\/div><\/div>\n<\/div><\/div>\n\n\n\n<div class=\"wp-block-pb-accordion-item c-accordion__item js-accordion-item no-js\" data-initially-open=\"false\" data-click-to-close=\"true\" data-auto-close=\"true\" data-scroll=\"false\" data-scroll-offset=\"0\"><h3 id=\"at-27998\" class=\"c-accordion__title js-accordion-controller\" role=\"button\">Boba Group <br\/>G\u0119\u015bnik<br\/>dokumentacja akcji na rzece G\u0119\u015bnik, kt\u00f3ra odby\u0142a si\u0119 w ramach otwarcia 2020 Biennale Zielona G\u00f3ra,17 pa\u017adziernika 2020<br\/><\/h3><div id=\"ac-27998\" class=\"c-accordion__content\">\n<figure class=\"wp-block-embed-vimeo wp-block-embed is-type-video is-provider-vimeo wp-embed-aspect-16-9 wp-has-aspect-ratio\"><div class=\"wp-block-embed__wrapper\">\n<iframe title=\"Boba Group (Yulia Drozdek, Vasilisa Nezabarom) - G\u0119\u015bnik\" src=\"https:\/\/player.vimeo.com\/video\/477536607?dnt=1&amp;app_id=122963\" width=\"900\" height=\"506\" frameborder=\"0\" allow=\"autoplay; fullscreen; picture-in-picture\" allowfullscreen><\/iframe>\n<\/div><\/figure>\n\n\n\n<p><a href=\"http:\/\/biennalezielonagora.pl\/2020\/boba-group-yulia-drozdek-vasilisa-nezabarom\/\">WI\u0118CEJ<\/a><\/p>\n<\/div><\/div>\n<\/div><\/div>\n","protected":false},"excerpt":{"rendered":"Czerwona Strefa to kontynuacja 2020 Biennale Zielona G\u00f3ra Online. Program obejmuje seri\u0119 tekst\u00f3w, rozm\u00f3w, wydarze\u0144 oraz materia\u0142\u00f3w specjalnych publikowanych na stronie do ko\u0144ca roku. Tadeusz Brzozowski, Troki, 1970, olej, p\u0142\u00f3tno, kolekcja Muzeum Ziemi Lubuskiej","protected":false},"author":1,"featured_media":0,"parent":0,"menu_order":0,"comment_status":"closed","ping_status":"closed","template":"","meta":[],"_links":{"self":[{"href":"https:\/\/biennalezielonagora.pl\/2020\/wp-json\/wp\/v2\/pages\/1492"}],"collection":[{"href":"https:\/\/biennalezielonagora.pl\/2020\/wp-json\/wp\/v2\/pages"}],"about":[{"href":"https:\/\/biennalezielonagora.pl\/2020\/wp-json\/wp\/v2\/types\/page"}],"author":[{"embeddable":true,"href":"https:\/\/biennalezielonagora.pl\/2020\/wp-json\/wp\/v2\/users\/1"}],"replies":[{"embeddable":true,"href":"https:\/\/biennalezielonagora.pl\/2020\/wp-json\/wp\/v2\/comments?post=1492"}],"version-history":[{"count":80,"href":"https:\/\/biennalezielonagora.pl\/2020\/wp-json\/wp\/v2\/pages\/1492\/revisions"}],"predecessor-version":[{"id":2111,"href":"https:\/\/biennalezielonagora.pl\/2020\/wp-json\/wp\/v2\/pages\/1492\/revisions\/2111"}],"wp:attachment":[{"href":"https:\/\/biennalezielonagora.pl\/2020\/wp-json\/wp\/v2\/media?parent=1492"}],"curies":[{"name":"wp","href":"https:\/\/api.w.org\/{rel}","templated":true}]}}