{"id":175,"date":"2020-09-04T12:21:32","date_gmt":"2020-09-04T12:21:32","guid":{"rendered":"http:\/\/biennalezielonagora.pl\/2020\/?page_id=175"},"modified":"2021-02-01T14:26:41","modified_gmt":"2021-02-01T14:26:41","slug":"kolofon","status":"publish","type":"page","link":"https:\/\/biennalezielonagora.pl\/2020\/kolofon\/","title":{"rendered":"Kolofon"},"content":{"rendered":"\n<p><strong>2020 Biennale Zielona G\u00f3ra<br>Wracaj\u0105c do Przysz\u0142o\u015bci<\/strong><\/p>\n\n\n\n<p><strong>Organizatorzy:<\/strong><br>BWA Zielona G\u00f3ra, Uniwersytet Zielonog\u00f3rski, Muzeum Ziemi Lubuskiej, Fundacja Salony<\/p>\n\n\n\n<p><strong>Zesp\u00f3\u0142 kuratorski:<\/strong>&nbsp;<br>Alicja Lewicka-Szczeg\u00f3\u0142a, Romuald Demidenko, Tomek Paw\u0142owski-Jarmo\u0142ajew, Wojciech Koz\u0142owski<\/p>\n\n\n\n<p><strong>Sympozjum:<\/strong>&nbsp;<br>Artur Pastuszek<\/p>\n\n\n\n<p><strong>Produkcja:<\/strong>&nbsp;<br>Karolina Spiak&nbsp;<\/p>\n\n\n\n<p><strong>Wsp\u00f3\u0142praca realizacyjna:<\/strong>&nbsp;<br>Kacper B\u0119dkowski, Ma\u0142gorzata Dobrucka, Katarzyna Sikora, Agnieszka Wiktor-Konopka, Ma\u0142gorzata Samojedna<\/p>\n\n\n\n<p><strong>Dokumentacja fotograficzna wystaw:<\/strong>&nbsp;<br>Marek Lalko&nbsp;<\/p>\n\n\n\n<p><strong>Dokumentacja fotograficzna wydarze\u0144:<\/strong>&nbsp;<br>Pawe\u0142 Janczaruk<\/p>\n\n\n\n<p><strong>Obs\u0142uga transmisji Sympozjum:&nbsp;<br><\/strong>Jaros\u0142aw Wagner&nbsp;<\/p>\n\n\n\n<p><strong>Program publiczny i komunikacja:<\/strong>&nbsp;<br>Romuald Demidenko, Tomek Paw\u0142owski-Jarmo\u0142ajew&nbsp;<\/p>\n\n\n\n<p><strong>Redakcja merytoryczna:<\/strong>&nbsp;Ania Batko<\/p>\n\n\n\n<p><strong>Redakcja j\u0119zykowa:<\/strong>&nbsp;Jolanta Pie\u0144kos<\/p>\n\n\n\n<p><strong>T\u0142umaczenie:<\/strong>&nbsp;Marcin Wawrzy\u0144czak, Piotr Mierzwa<\/p>\n\n\n\n<p><strong>Komitet organizacyjny:<\/strong>&nbsp;<br>Paulina Komorowska-Birger (ISW UZ), Marta Gendera (Fundacja Salony), Leszek Kania (Muzeum Ziemi Lubuskiej), Katarzyna \u0141asi\u0144ska (kanclerz UZ), Wioleta Har\u0119\u017alak (Urz\u0105d Miasta Zielona G\u00f3ra)<\/p>\n\n\n\n<p><strong>Identyfikacja wizualna:<\/strong>&nbsp;<br>DWA Graphic Design Department (Karolina Pietrzyk, Gilbert Schneider, Tobias Wenig)<\/p>\n\n\n\n<p><strong>konsultacja merytoryczna:<\/strong>&nbsp;<br>Dorota Jagoda Michalska<\/p>\n\n\n\n<p><strong>Realizacja wystaw:&nbsp;<br><\/strong>\u0141ukasz Adamowicz, Bartek Buczek \/ Galeria Technik; Tomasz Relewicz; Adam Jadczak, Piotr Dobrucki, Henryk Sienkiewicz \/ Sekcja Obs\u0142ugi Technicznej UZ<\/p>\n\n\n\n<p><strong>Realizacja strony internetowej:<\/strong>\u00a0Bureau Castel (Lucian Bran)<\/p>\n\n\n\n<p>Wystawa pod patronatem JM Rektora UZ prof. Wojciecha Strzy\u017cewskiego&nbsp;<\/p>\n\n\n\n<p>Dofinansowano ze \u015brodk\u00f3w Ministra Kultury i Dziedzictwa Narodowego pochodz\u0105cych z Funduszu Promocji Kultury, uzyskanych z dop\u0142at ustanowionych w grach obj\u0119tych monopolem pa\u0144stwa, zgodnie z art. 80 ust. 1 ustawy z dnia 19 listopada 2009 r. o grach hazardowych.<\/p>\n\n\n\n<p>Dofinansowano z subwencji Instytutu Sztuk Wizualnych Uniwersytetu Zielonog\u00f3rskiego.<\/p>\n\n\n\n<p>Dofinansowano ze \u015brodk\u00f3w Miasta Zielona G\u00f3ra.<\/p>\n\n\n\n<p>Organizatorzy sk\u0142adaj\u0105 podzi\u0119kowania Muzeum Narodowemu w Poznaniu oraz Muzeum Architektury we Wroc\u0142awiu za umo\u017cliwienie eksponowania pracy Henryka Morela na wystawie.<\/p>\n\n\n\n<p>Organizatorzy dzi\u0119kuj\u0105 Lubuskiemu Teatrowi w Zielonej G\u00f3rze za umo\u017cliwienie zrealizowania performansu Rooms Miko\u0142aja Sobczaka i Nicolasa Grafii.<\/p>\n\n\n\n<p>+++<\/p>\n\n\n\n<p><strong>godziny otwarcia wystaw:<\/strong><\/p>\n\n\n\n<p>BWA:<br>wtorek: 12:00-14:30<br>\u015broda-sobota: 12:00-14:30; 15:30-19:00<br>niedziela: 11:00-14:30; 15:30-17:00<br>poniedzia\u0142ek: nieczynne<\/p>\n\n\n\n<p>Muzeum Ziemi Lubuskiej:<br>\u015broda-pi\u0105tek:11.00-17.00<br>sobota: 10:00-15:00<br>niedziela: 10.00-16.00<br>poniedzia\u0142ek-wtorek: nieczynne<\/p>\n\n\n\n<p>Galeria Biblioteki Uniwersyteckiej:<br>poniedzia\u0142ek-pi\u0105tek: 9:00-17:00<br>sobota-niedziela: nieczynne<\/p>\n\n\n\n<p>Galeria Rektorat:<br>Poniedzia\u0142ek-pi\u0105tek: 7:00-15:00<br>sobota-niedziela: nieczynne<\/p>\n\n\n\n<p>Fundacja Salony<br>23.10 &#8211; 15.11&nbsp;<br>wystawa czynna w ka\u017cdy pi\u0105tek w godz. 16:00-20:00<br><br><\/p>\n\n\n\n<figure class=\"wp-block-gallery columns-1 is-cropped\"><ul class=\"blocks-gallery-grid\"><li class=\"blocks-gallery-item\"><figure><img loading=\"lazy\" width=\"700\" height=\"171\" src=\"http:\/\/biennalezielonagora.pl\/2020\/wp-content\/uploads\/2020\/10\/logos-700x171.png\" alt=\"\" data-id=\"1153\" data-full-url=\"http:\/\/biennalezielonagora.pl\/2020\/wp-content\/uploads\/2020\/10\/logos.png\" data-link=\"http:\/\/biennalezielonagora.pl\/2020\/kolofon\/logos\/\" class=\"wp-image-1153\" srcset=\"https:\/\/biennalezielonagora.pl\/2020\/wp-content\/uploads\/2020\/10\/logos-700x171.png 700w, https:\/\/biennalezielonagora.pl\/2020\/wp-content\/uploads\/2020\/10\/logos-250x61.png 250w, https:\/\/biennalezielonagora.pl\/2020\/wp-content\/uploads\/2020\/10\/logos-768x188.png 768w, https:\/\/biennalezielonagora.pl\/2020\/wp-content\/uploads\/2020\/10\/logos-1536x376.png 1536w, https:\/\/biennalezielonagora.pl\/2020\/wp-content\/uploads\/2020\/10\/logos-2048x501.png 2048w, https:\/\/biennalezielonagora.pl\/2020\/wp-content\/uploads\/2020\/10\/logos-120x29.png 120w\" sizes=\"(max-width: 700px) 100vw, 700px\" \/><\/figure><\/li><\/ul><\/figure>\n","protected":false},"excerpt":{"rendered":"2020 Biennale Zielona G\u00f3raWracaj\u0105c do Przysz\u0142o\u015bci Organizatorzy:BWA Zielona G\u00f3ra, Uniwersytet Zielonog\u00f3rski, Muzeum Ziemi Lubuskiej, Fundacja Salony Zesp\u00f3\u0142 kuratorski:&nbsp;Alicja Lewicka-Szczeg\u00f3\u0142a, Romuald Demidenko, Tomek Paw\u0142owski-Jarmo\u0142ajew, Wojciech Koz\u0142owski Sympozjum:&nbsp;Artur Pastuszek Produkcja:&nbsp;Karolina Spiak&nbsp; Wsp\u00f3\u0142praca realizacyjna:&nbsp;Kacper B\u0119dkowski, Ma\u0142gorzata Dobrucka, Katarzyna Sikora, Agnieszka Wiktor-Konopka, Ma\u0142gorzata Samojedna Dokumentacja fotograficzna wystaw:&nbsp;Marek Lalko&nbsp; Dokumentacja fotograficzna wydarze\u0144:&nbsp;Pawe\u0142 Janczaruk Obs\u0142uga transmisji Sympozjum:&nbsp;Jaros\u0142aw Wagner&nbsp; Program publiczny i&#8230; <a class=\"view-article\" href=\"https:\/\/biennalezielonagora.pl\/2020\/kolofon\/\">View Article<\/a>","protected":false},"author":1,"featured_media":0,"parent":0,"menu_order":0,"comment_status":"closed","ping_status":"closed","template":"","meta":[],"_links":{"self":[{"href":"https:\/\/biennalezielonagora.pl\/2020\/wp-json\/wp\/v2\/pages\/175"}],"collection":[{"href":"https:\/\/biennalezielonagora.pl\/2020\/wp-json\/wp\/v2\/pages"}],"about":[{"href":"https:\/\/biennalezielonagora.pl\/2020\/wp-json\/wp\/v2\/types\/page"}],"author":[{"embeddable":true,"href":"https:\/\/biennalezielonagora.pl\/2020\/wp-json\/wp\/v2\/users\/1"}],"replies":[{"embeddable":true,"href":"https:\/\/biennalezielonagora.pl\/2020\/wp-json\/wp\/v2\/comments?post=175"}],"version-history":[{"count":17,"href":"https:\/\/biennalezielonagora.pl\/2020\/wp-json\/wp\/v2\/pages\/175\/revisions"}],"predecessor-version":[{"id":2122,"href":"https:\/\/biennalezielonagora.pl\/2020\/wp-json\/wp\/v2\/pages\/175\/revisions\/2122"}],"wp:attachment":[{"href":"https:\/\/biennalezielonagora.pl\/2020\/wp-json\/wp\/v2\/media?parent=175"}],"curies":[{"name":"wp","href":"https:\/\/api.w.org\/{rel}","templated":true}]}}